{"id":61,"date":"2020-09-16T05:16:09","date_gmt":"2020-09-16T05:16:09","guid":{"rendered":"https:\/\/websitedemos.net\/brandstore-08\/?page_id=61"},"modified":"2023-10-19T16:58:22","modified_gmt":"2023-10-19T19:58:22","slug":"home","status":"publish","type":"page","link":"https:\/\/unidosdobem.org.br\/bazar\/","title":{"rendered":"Home"},"content":{"rendered":"\n<div class=\"is-layout-flex wp-container-3 wp-block-columns\">\n<div class=\"is-layout-flow wp-block-column\" style=\"flex-basis:100%\">\n<div class=\"inherit-container-width is-layout-constrained wp-block-group alignfull\"><div class=\"wp-block-group__inner-container\"><\/div><\/div>\n<\/div>\n<\/div>\n\n\n\n<div class=\"inherit-container-width is-layout-constrained wp-block-group alignfull has-ast-global-color-5-background-color has-background\"><div class=\"wp-block-group__inner-container\">\n<h2 class=\"has-text-align-center\">Produtos em Destaque<\/h2>\n\n\n\n<hr class=\"wp-block-separator has-css-opacity aligncenter\"\/>\n\n\n\n<div class=\"is-layout-flex wp-container-11 wp-block-columns\">\n<div class=\"is-layout-flow wp-block-column\" style=\"padding-top:0px;padding-right:25%;padding-bottom:0px;padding-left:25%;flex-basis:100%\">\n<div class=\"is-layout-flex wp-container-9 wp-block-columns\">\n<div class=\"is-layout-flow wp-block-column\" style=\"flex-basis:100%\">\n<div class=\"is-layout-flex wp-container-7 wp-block-columns\">\n<div class=\"is-layout-flow wp-block-column\" style=\"flex-basis:100%\">\n<div class=\"is-layout-flex wp-container-5 wp-block-columns\">\n<div class=\"is-layout-flow wp-block-column\"><div class=\"woocommerce columns-4 \"><ul class=\"products columns-4\">\n<li class=\"product type-product post-1615 status-publish first instock product_cat-embalagens has-post-thumbnail sale featured shipping-taxable purchasable product-type-simple\">\n\t<img width=\"500\" height=\"500\" src=\"https:\/\/unidosdobem.org.br\/bazar\/wp-content\/uploads\/2023\/10\/combo-desenho.jpg\" class=\"show-on-hover\" alt=\"\" decoding=\"async\" loading=\"lazy\" srcset=\"https:\/\/unidosdobem.org.br\/bazar\/wp-content\/uploads\/2023\/10\/combo-desenho.jpg 500w, https:\/\/unidosdobem.org.br\/bazar\/wp-content\/uploads\/2023\/10\/combo-desenho-300x300.jpg 300w, https:\/\/unidosdobem.org.br\/bazar\/wp-content\/uploads\/2023\/10\/combo-desenho-150x150.jpg 150w, https:\/\/unidosdobem.org.br\/bazar\/wp-content\/uploads\/2023\/10\/combo-desenho-100x100.jpg 100w\" sizes=\"(max-width: 500px) 100vw, 500px\" \/><\/li>\n<li class=\"product type-product post-1614 status-publish instock product_cat-embalagens has-post-thumbnail sale featured shipping-taxable purchasable product-type-simple\">\n\t<img width=\"500\" height=\"500\" src=\"https:\/\/unidosdobem.org.br\/bazar\/wp-content\/uploads\/2023\/10\/fritas-aberta-desenho.jpg\" class=\"show-on-hover\" alt=\"\" decoding=\"async\" loading=\"lazy\" srcset=\"https:\/\/unidosdobem.org.br\/bazar\/wp-content\/uploads\/2023\/10\/fritas-aberta-desenho.jpg 500w, https:\/\/unidosdobem.org.br\/bazar\/wp-content\/uploads\/2023\/10\/fritas-aberta-desenho-300x300.jpg 300w, https:\/\/unidosdobem.org.br\/bazar\/wp-content\/uploads\/2023\/10\/fritas-aberta-desenho-150x150.jpg 150w, https:\/\/unidosdobem.org.br\/bazar\/wp-content\/uploads\/2023\/10\/fritas-aberta-desenho-100x100.jpg 100w\" sizes=\"(max-width: 500px) 100vw, 500px\" \/><\/li>\n<li class=\"product type-product post-1613 status-publish instock product_cat-embalagens has-post-thumbnail sale featured shipping-taxable purchasable product-type-simple\">\n\t<img width=\"500\" height=\"500\" src=\"https:\/\/unidosdobem.org.br\/bazar\/wp-content\/uploads\/2023\/10\/hotdog-desenho.jpg\" class=\"show-on-hover\" alt=\"\" decoding=\"async\" loading=\"lazy\" srcset=\"https:\/\/unidosdobem.org.br\/bazar\/wp-content\/uploads\/2023\/10\/hotdog-desenho.jpg 500w, https:\/\/unidosdobem.org.br\/bazar\/wp-content\/uploads\/2023\/10\/hotdog-desenho-300x300.jpg 300w, https:\/\/unidosdobem.org.br\/bazar\/wp-content\/uploads\/2023\/10\/hotdog-desenho-150x150.jpg 150w, https:\/\/unidosdobem.org.br\/bazar\/wp-content\/uploads\/2023\/10\/hotdog-desenho-100x100.jpg 100w\" sizes=\"(max-width: 500px) 100vw, 500px\" \/><\/li>\n<li class=\"product type-product post-1611 status-publish last instock product_cat-embalagens has-post-thumbnail sale featured shipping-taxable purchasable product-type-simple\">\n\t<img width=\"500\" height=\"500\" src=\"https:\/\/unidosdobem.org.br\/bazar\/wp-content\/uploads\/2023\/10\/hamburger-desenho-g.jpg\" class=\"show-on-hover\" alt=\"\" decoding=\"async\" loading=\"lazy\" srcset=\"https:\/\/unidosdobem.org.br\/bazar\/wp-content\/uploads\/2023\/10\/hamburger-desenho-g.jpg 500w, https:\/\/unidosdobem.org.br\/bazar\/wp-content\/uploads\/2023\/10\/hamburger-desenho-g-300x300.jpg 300w, https:\/\/unidosdobem.org.br\/bazar\/wp-content\/uploads\/2023\/10\/hamburger-desenho-g-150x150.jpg 150w, https:\/\/unidosdobem.org.br\/bazar\/wp-content\/uploads\/2023\/10\/hamburger-desenho-g-100x100.jpg 100w\" sizes=\"(max-width: 500px) 100vw, 500px\" \/><\/li>\n<li class=\"product type-product post-1598 status-publish first instock product_cat-embalagens has-post-thumbnail sale featured shipping-taxable purchasable product-type-simple\">\n\t<img width=\"500\" height=\"500\" src=\"https:\/\/unidosdobem.org.br\/bazar\/wp-content\/uploads\/2023\/10\/hamburger-desenho-p.jpg\" class=\"show-on-hover\" alt=\"\" decoding=\"async\" loading=\"lazy\" srcset=\"https:\/\/unidosdobem.org.br\/bazar\/wp-content\/uploads\/2023\/10\/hamburger-desenho-p.jpg 500w, https:\/\/unidosdobem.org.br\/bazar\/wp-content\/uploads\/2023\/10\/hamburger-desenho-p-300x300.jpg 300w, https:\/\/unidosdobem.org.br\/bazar\/wp-content\/uploads\/2023\/10\/hamburger-desenho-p-150x150.jpg 150w, https:\/\/unidosdobem.org.br\/bazar\/wp-content\/uploads\/2023\/10\/hamburger-desenho-p-100x100.jpg 100w\" sizes=\"(max-width: 500px) 100vw, 500px\" \/><\/li>\n<li class=\"product type-product post-1530 status-publish instock product_cat-unidos-do-bem has-post-thumbnail featured virtual taxable purchasable product-type-simple\">\n\t<\/li>\n<li class=\"product type-product post-1528 status-publish instock product_cat-unidos-do-bem has-post-thumbnail featured virtual taxable purchasable product-type-simple\">\n\t<\/li>\n<\/ul>\n<\/div>\n<\/div>\n<\/div>\n<\/div>\n<\/div>\n<\/div>\n<\/div>\n<\/div>\n<\/div>\n<\/div><\/div>\n\n\n\n<div class=\"wp-block-cover alignfull is-light has-parallax has-custom-content-position is-position-bottom-center\" style=\"min-height:700px\"><span aria-hidden=\"true\" class=\"wp-block-cover__background has-ast-global-color-1-background-color has-background-dim-30 has-background-dim\"><\/span><div role=\"img\" class=\"wp-block-cover__image-background wp-image-1482 has-parallax\" style=\"background-position:50% 50%;background-image:url(http:\/\/lojaunidosdobem.org.br\/homologacao\/wp-content\/uploads\/2022\/04\/unidos-do-bem-2.jpeg)\"><\/div><div class=\"wp-block-cover__inner-container\">\n<div class=\"is-layout-flex wp-container-14 wp-block-columns are-vertically-aligned-center\">\n<div class=\"is-layout-flow wp-block-column is-vertically-aligned-center\">\n<h2 class=\"has-text-align-center has-white-color has-text-color\">\u201cSuas a\u00e7\u00f5es s\u00e3o o que realmente mudam o mundo.&#8221;<\/h2>\n\n\n\n<h1 class=\"has-text-align-center has-white-color has-text-color\"><strong>Unidos do bem sem olhar a quem.<\/strong><\/h1>\n<\/div>\n<\/div>\n<\/div><\/div>\n\n\n\n<div class=\"inherit-container-width is-layout-constrained wp-block-group alignfull has-ast-global-color-5-background-color has-background\"><div class=\"wp-block-group__inner-container\"><\/div><\/div>\n\n\n\n<p><\/p>\n","protected":false},"excerpt":{"rendered":"<p>Produtos em Destaque<\/p>\n","protected":false},"author":1,"featured_media":0,"parent":0,"menu_order":0,"comment_status":"closed","ping_status":"closed","template":"","meta":{"site-sidebar-layout":"no-sidebar","site-content-layout":"plain-container","ast-global-header-display":"","ast-main-header-display":"","ast-hfb-above-header-display":"","ast-hfb-below-header-display":"","ast-hfb-mobile-header-display":"","site-post-title":"disabled","ast-breadcrumbs-content":"","ast-featured-img":"","footer-sml-layout":"","theme-transparent-header-meta":"enabled","adv-header-id-meta":"","stick-header-meta":"","header-above-stick-meta":"","header-main-stick-meta":"","header-below-stick-meta":""},"_links":{"self":[{"href":"https:\/\/unidosdobem.org.br\/bazar\/wp-json\/wp\/v2\/pages\/61"}],"collection":[{"href":"https:\/\/unidosdobem.org.br\/bazar\/wp-json\/wp\/v2\/pages"}],"about":[{"href":"https:\/\/unidosdobem.org.br\/bazar\/wp-json\/wp\/v2\/types\/page"}],"author":[{"embeddable":true,"href":"https:\/\/unidosdobem.org.br\/bazar\/wp-json\/wp\/v2\/users\/1"}],"replies":[{"embeddable":true,"href":"https:\/\/unidosdobem.org.br\/bazar\/wp-json\/wp\/v2\/comments?post=61"}],"version-history":[{"count":38,"href":"https:\/\/unidosdobem.org.br\/bazar\/wp-json\/wp\/v2\/pages\/61\/revisions"}],"predecessor-version":[{"id":1618,"href":"https:\/\/unidosdobem.org.br\/bazar\/wp-json\/wp\/v2\/pages\/61\/revisions\/1618"}],"wp:attachment":[{"href":"https:\/\/unidosdobem.org.br\/bazar\/wp-json\/wp\/v2\/media?parent=61"}],"curies":[{"name":"wp","href":"https:\/\/api.w.org\/{rel}","templated":true}]}}