{"id":1396,"date":"2022-04-12T09:57:17","date_gmt":"2022-04-12T12:57:17","guid":{"rendered":"https:\/\/lojaunidosdobem.org.br\/homologacao\/?post_type=product&#038;p=1396"},"modified":"2022-08-23T20:39:16","modified_gmt":"2022-08-23T23:39:16","slug":"xicara-para-cafe-com-pires-alleanza-ceramica-renda-100-ml-cada","status":"publish","type":"product","link":"https:\/\/unidosdobem.org.br\/bazar\/produto\/xicara-para-cafe-com-pires-alleanza-ceramica-renda-100-ml-cada\/","title":{"rendered":"X\u00edcara para Caf\u00e9 com Pires Alleanza Cer\u00e2mica Renda 100 ml &#8211; Cada"},"content":{"rendered":"<p>Conhe\u00e7a a nova marca de Cer\u00e2micas Alleanza, s\u00e3o pe\u00e7as sofisticadas e charmosas, ideais para compor sua mesa de jantar com aquele requinte que voc\u00ea tanto procura.<\/p>\n<p>&nbsp;<\/p>\n<table>\n<tr>\n<td bgcolor=\"#0084d6\"><font color=\"#FFFFFF\"><strong>Todos os nossos produtos s\u00e3o comissionados, 100% da comiss\u00e3o \u00e9 revertida para as a\u00e7\u00f5es sociais da Unidos do Bem<\/strong><\/font><\/td>\n<\/tr>\n<\/table>\n<p>&nbsp;<\/p>\n","protected":false},"excerpt":{"rendered":"<p>Conhe\u00e7a a nova marca de Cer\u00e2micas Alleanza, s\u00e3o pe\u00e7as sofisticadas e charmosas, ideais para compor sua mesa de jantar com aquele requinte que voc\u00ea tanto procura. &nbsp; Todos os nossos produtos s\u00e3o comissionados, 100% da comiss\u00e3o \u00e9 revertida para as a\u00e7\u00f5es sociais da Unidos do Bem &nbsp;<\/p>\n","protected":false},"featured_media":1469,"comment_status":"open","ping_status":"closed","template":"","meta":{"site-sidebar-layout":"default","site-content-layout":"default","ast-global-header-display":"","ast-main-header-display":"","ast-hfb-above-header-display":"","ast-hfb-below-header-display":"","ast-hfb-mobile-header-display":"","site-post-title":"","ast-breadcrumbs-content":"","ast-featured-img":"","footer-sml-layout":"","theme-transparent-header-meta":"default","adv-header-id-meta":"","stick-header-meta":"","header-above-stick-meta":"","header-main-stick-meta":"","header-below-stick-meta":""},"product_cat":[63],"product_tag":[],"_links":{"self":[{"href":"https:\/\/unidosdobem.org.br\/bazar\/wp-json\/wp\/v2\/product\/1396"}],"collection":[{"href":"https:\/\/unidosdobem.org.br\/bazar\/wp-json\/wp\/v2\/product"}],"about":[{"href":"https:\/\/unidosdobem.org.br\/bazar\/wp-json\/wp\/v2\/types\/product"}],"replies":[{"embeddable":true,"href":"https:\/\/unidosdobem.org.br\/bazar\/wp-json\/wp\/v2\/comments?post=1396"}],"wp:featuredmedia":[{"embeddable":true,"href":"https:\/\/unidosdobem.org.br\/bazar\/wp-json\/wp\/v2\/media\/1469"}],"wp:attachment":[{"href":"https:\/\/unidosdobem.org.br\/bazar\/wp-json\/wp\/v2\/media?parent=1396"}],"wp:term":[{"taxonomy":"product_cat","embeddable":true,"href":"https:\/\/unidosdobem.org.br\/bazar\/wp-json\/wp\/v2\/product_cat?post=1396"},{"taxonomy":"product_tag","embeddable":true,"href":"https:\/\/unidosdobem.org.br\/bazar\/wp-json\/wp\/v2\/product_tag?post=1396"}],"curies":[{"name":"wp","href":"https:\/\/api.w.org\/{rel}","templated":true}]}}