{"id":1403,"date":"2022-04-12T09:57:18","date_gmt":"2022-04-12T12:57:18","guid":{"rendered":"https:\/\/lojaunidosdobem.org.br\/homologacao\/?post_type=product&#038;p=1403"},"modified":"2022-08-23T20:42:21","modified_gmt":"2022-08-23T23:42:21","slug":"xicara-para-cha-com-pires-alleanza-ceramica-positano-cada","status":"publish","type":"product","link":"https:\/\/unidosdobem.org.br\/bazar\/produto\/xicara-para-cha-com-pires-alleanza-ceramica-positano-cada\/","title":{"rendered":"X\u00edcara para Ch\u00e1 com Pires Alleanza Cer\u00e2mica Positano &#8211; Cada"},"content":{"rendered":"<p>Pe\u00e7as elaboradas em cer\u00e2mica Feldsp\u00e1tica branca de alta resist\u00eancia, com processo de decora\u00e7\u00e3o digital, sobre a base branca.<\/p>\n<p>&nbsp;<\/p>\n<table>\n<tr>\n<td bgcolor=\"#0084d6\"><font color=\"#FFFFFF\"><strong>Todos os nossos produtos s\u00e3o comissionados, 100% da comiss\u00e3o \u00e9 revertida para as a\u00e7\u00f5es sociais da Unidos do Bem<\/strong><\/font><\/td>\n<\/tr>\n<\/table>\n<p>&nbsp;<\/p>\n","protected":false},"excerpt":{"rendered":"<p>Pe\u00e7as elaboradas em cer\u00e2mica Feldsp\u00e1tica branca de alta resist\u00eancia, com processo de decora\u00e7\u00e3o digital, sobre a base branca. &nbsp; Todos os nossos produtos s\u00e3o comissionados, 100% da comiss\u00e3o \u00e9 revertida para as a\u00e7\u00f5es sociais da Unidos do Bem &nbsp;<\/p>\n","protected":false},"featured_media":1457,"comment_status":"open","ping_status":"closed","template":"","meta":{"site-sidebar-layout":"default","site-content-layout":"default","ast-global-header-display":"","ast-main-header-display":"","ast-hfb-above-header-display":"","ast-hfb-below-header-display":"","ast-hfb-mobile-header-display":"","site-post-title":"","ast-breadcrumbs-content":"","ast-featured-img":"","footer-sml-layout":"","theme-transparent-header-meta":"default","adv-header-id-meta":"","stick-header-meta":"","header-above-stick-meta":"","header-main-stick-meta":"","header-below-stick-meta":""},"product_cat":[63],"product_tag":[],"_links":{"self":[{"href":"https:\/\/unidosdobem.org.br\/bazar\/wp-json\/wp\/v2\/product\/1403"}],"collection":[{"href":"https:\/\/unidosdobem.org.br\/bazar\/wp-json\/wp\/v2\/product"}],"about":[{"href":"https:\/\/unidosdobem.org.br\/bazar\/wp-json\/wp\/v2\/types\/product"}],"replies":[{"embeddable":true,"href":"https:\/\/unidosdobem.org.br\/bazar\/wp-json\/wp\/v2\/comments?post=1403"}],"wp:featuredmedia":[{"embeddable":true,"href":"https:\/\/unidosdobem.org.br\/bazar\/wp-json\/wp\/v2\/media\/1457"}],"wp:attachment":[{"href":"https:\/\/unidosdobem.org.br\/bazar\/wp-json\/wp\/v2\/media?parent=1403"}],"wp:term":[{"taxonomy":"product_cat","embeddable":true,"href":"https:\/\/unidosdobem.org.br\/bazar\/wp-json\/wp\/v2\/product_cat?post=1403"},{"taxonomy":"product_tag","embeddable":true,"href":"https:\/\/unidosdobem.org.br\/bazar\/wp-json\/wp\/v2\/product_tag?post=1403"}],"curies":[{"name":"wp","href":"https:\/\/api.w.org\/{rel}","templated":true}]}}