{"id":1407,"date":"2022-04-12T09:57:18","date_gmt":"2022-04-12T12:57:18","guid":{"rendered":"https:\/\/lojaunidosdobem.org.br\/homologacao\/?post_type=product&#038;p=1407"},"modified":"2022-08-23T20:44:03","modified_gmt":"2022-08-23T23:44:03","slug":"prato-raso-alleanza-ceramica-celebrate-fendi-285-cm-cada","status":"publish","type":"product","link":"https:\/\/unidosdobem.org.br\/bazar\/produto\/prato-raso-alleanza-ceramica-celebrate-fendi-285-cm-cada\/","title":{"rendered":"Prato Raso Alleanza Cer\u00e2mica Celebrate Fendi 28,5 cm &#8211; Cada"},"content":{"rendered":"<p>A linha Celebrate tr\u00e1s para a sua decora\u00e7\u00e3o pe\u00e7as de cer\u00e2mica cheias de vida com cores lindas. Os tons s\u00e3o perfeitos para real\u00e7ar riqueza, deixando sua mesa com energias positivas, e \u00e9 claro, muito elegante. A dica \u00e9 aproveitar a linha Celebrate para decorar sua mesa de Natal e aproveitar ainda mais essa ocasi\u00e3o junto com a fam\u00edlia.<\/p>\n<p>&nbsp;<\/p>\n<table>\n<tr>\n<td bgcolor=\"#0084d6\"><font color=\"#FFFFFF\"><strong>Todos os nossos produtos s\u00e3o comissionados, 100% da comiss\u00e3o \u00e9 revertida para as a\u00e7\u00f5es sociais da Unidos do Bem<\/strong><\/font><\/td>\n<\/tr>\n<\/table>\n<p>&nbsp;<\/p>\n","protected":false},"excerpt":{"rendered":"<p>A linha Celebrate tr\u00e1s para a sua decora\u00e7\u00e3o pe\u00e7as de cer\u00e2mica cheias de vida com cores lindas. Os tons s\u00e3o perfeitos para real\u00e7ar riqueza, deixando sua mesa com energias positivas, e \u00e9 claro, muito elegante. A dica \u00e9 aproveitar a linha Celebrate para decorar sua mesa de Natal e aproveitar ainda mais essa ocasi\u00e3o junto &hellip;<\/p>\n<p class=\"read-more\"> <a class=\"\" href=\"https:\/\/unidosdobem.org.br\/bazar\/produto\/prato-raso-alleanza-ceramica-celebrate-fendi-285-cm-cada\/\"> <span class=\"screen-reader-text\">Prato Raso Alleanza Cer\u00e2mica Celebrate Fendi 28,5 cm &#8211; Cada<\/span> Leia mais &raquo;<\/a><\/p>\n","protected":false},"featured_media":1461,"comment_status":"open","ping_status":"closed","template":"","meta":{"site-sidebar-layout":"default","site-content-layout":"default","ast-global-header-display":"","ast-main-header-display":"","ast-hfb-above-header-display":"","ast-hfb-below-header-display":"","ast-hfb-mobile-header-display":"","site-post-title":"","ast-breadcrumbs-content":"","ast-featured-img":"","footer-sml-layout":"","theme-transparent-header-meta":"default","adv-header-id-meta":"","stick-header-meta":"","header-above-stick-meta":"","header-main-stick-meta":"","header-below-stick-meta":""},"product_cat":[63],"product_tag":[],"_links":{"self":[{"href":"https:\/\/unidosdobem.org.br\/bazar\/wp-json\/wp\/v2\/product\/1407"}],"collection":[{"href":"https:\/\/unidosdobem.org.br\/bazar\/wp-json\/wp\/v2\/product"}],"about":[{"href":"https:\/\/unidosdobem.org.br\/bazar\/wp-json\/wp\/v2\/types\/product"}],"replies":[{"embeddable":true,"href":"https:\/\/unidosdobem.org.br\/bazar\/wp-json\/wp\/v2\/comments?post=1407"}],"wp:featuredmedia":[{"embeddable":true,"href":"https:\/\/unidosdobem.org.br\/bazar\/wp-json\/wp\/v2\/media\/1461"}],"wp:attachment":[{"href":"https:\/\/unidosdobem.org.br\/bazar\/wp-json\/wp\/v2\/media?parent=1407"}],"wp:term":[{"taxonomy":"product_cat","embeddable":true,"href":"https:\/\/unidosdobem.org.br\/bazar\/wp-json\/wp\/v2\/product_cat?post=1407"},{"taxonomy":"product_tag","embeddable":true,"href":"https:\/\/unidosdobem.org.br\/bazar\/wp-json\/wp\/v2\/product_tag?post=1407"}],"curies":[{"name":"wp","href":"https:\/\/api.w.org\/{rel}","templated":true}]}}