{"id":1428,"date":"2022-04-12T09:57:23","date_gmt":"2022-04-12T12:57:23","guid":{"rendered":"https:\/\/lojaunidosdobem.org.br\/homologacao\/?post_type=product&#038;p=1428"},"modified":"2022-08-23T08:12:45","modified_gmt":"2022-08-23T11:12:45","slug":"prato-raso-alleanza-ceramica-eudora-285-cm-cada","status":"publish","type":"product","link":"https:\/\/unidosdobem.org.br\/bazar\/produto\/prato-raso-alleanza-ceramica-eudora-285-cm-cada\/","title":{"rendered":"Prato Raso Alleanza Cer\u00e2mica Eudora 28,5 cm &#8211; Cada"},"content":{"rendered":"<p>Pensando em modernidade e sofistica\u00e7\u00e3o as linhas dessa cole\u00e7\u00e3o possuem um diferencial em seu conceito tendo um acabamento acetinado, o que proporciona um toque fino e r\u00fastico nas pe\u00e7as.<\/p>\n<p>&nbsp;<\/p>\n<table>\n<tr>\n<td bgcolor=\"#0084d6\"><font color=\"#FFFFFF\"><strong>Todos os nossos produtos s\u00e3o comissionados, 100% da comiss\u00e3o \u00e9 revertida para as a\u00e7\u00f5es sociais da Unidos do Bem<\/strong><\/font><\/td>\n<\/tr>\n<\/table>\n<p>&nbsp;<\/p>\n","protected":false},"excerpt":{"rendered":"<p>Pensando em modernidade e sofistica\u00e7\u00e3o as linhas dessa cole\u00e7\u00e3o possuem um diferencial em seu conceito tendo um acabamento acetinado, o que proporciona um toque fino e r\u00fastico nas pe\u00e7as. &nbsp; Todos os nossos produtos s\u00e3o comissionados, 100% da comiss\u00e3o \u00e9 revertida para as a\u00e7\u00f5es sociais da Unidos do Bem &nbsp;<\/p>\n","protected":false},"featured_media":1438,"comment_status":"open","ping_status":"closed","template":"","meta":{"site-sidebar-layout":"default","site-content-layout":"default","ast-global-header-display":"","ast-main-header-display":"","ast-hfb-above-header-display":"","ast-hfb-below-header-display":"","ast-hfb-mobile-header-display":"","site-post-title":"","ast-breadcrumbs-content":"","ast-featured-img":"","footer-sml-layout":"","theme-transparent-header-meta":"default","adv-header-id-meta":"","stick-header-meta":"","header-above-stick-meta":"","header-main-stick-meta":"","header-below-stick-meta":""},"product_cat":[63],"product_tag":[],"_links":{"self":[{"href":"https:\/\/unidosdobem.org.br\/bazar\/wp-json\/wp\/v2\/product\/1428"}],"collection":[{"href":"https:\/\/unidosdobem.org.br\/bazar\/wp-json\/wp\/v2\/product"}],"about":[{"href":"https:\/\/unidosdobem.org.br\/bazar\/wp-json\/wp\/v2\/types\/product"}],"replies":[{"embeddable":true,"href":"https:\/\/unidosdobem.org.br\/bazar\/wp-json\/wp\/v2\/comments?post=1428"}],"wp:featuredmedia":[{"embeddable":true,"href":"https:\/\/unidosdobem.org.br\/bazar\/wp-json\/wp\/v2\/media\/1438"}],"wp:attachment":[{"href":"https:\/\/unidosdobem.org.br\/bazar\/wp-json\/wp\/v2\/media?parent=1428"}],"wp:term":[{"taxonomy":"product_cat","embeddable":true,"href":"https:\/\/unidosdobem.org.br\/bazar\/wp-json\/wp\/v2\/product_cat?post=1428"},{"taxonomy":"product_tag","embeddable":true,"href":"https:\/\/unidosdobem.org.br\/bazar\/wp-json\/wp\/v2\/product_tag?post=1428"}],"curies":[{"name":"wp","href":"https:\/\/api.w.org\/{rel}","templated":true}]}}