{"id":1530,"date":"2022-08-23T08:03:20","date_gmt":"2022-08-23T11:03:20","guid":{"rendered":"https:\/\/unidosdobem.org.br\/bazar\/?post_type=product&#038;p=1530"},"modified":"2023-05-27T13:36:53","modified_gmt":"2023-05-27T16:36:53","slug":"cesta-basica","status":"publish","type":"product","link":"https:\/\/unidosdobem.org.br\/bazar\/produto\/cesta-basica\/","title":{"rendered":"Cesta B\u00e1sica"},"content":{"rendered":"","protected":false},"excerpt":{"rendered":"<p><strong>Doe cestas b\u00e1sicas atrav\u00e9s da Unidos do Bem.<\/strong><\/p>\n<p>Sua doa\u00e7\u00e3o para a Unidos do Bem \u00e9 100% aplicada para continuarmos este trabalho e alcan\u00e7armos, cada vez mais, quem realmente precisa de ajuda.<\/p>\n","protected":false},"featured_media":1531,"comment_status":"open","ping_status":"closed","template":"","meta":{"site-sidebar-layout":"default","site-content-layout":"default","ast-global-header-display":"","ast-main-header-display":"","ast-hfb-above-header-display":"","ast-hfb-below-header-display":"","ast-hfb-mobile-header-display":"","site-post-title":"","ast-breadcrumbs-content":"","ast-featured-img":"","footer-sml-layout":"","theme-transparent-header-meta":"default","adv-header-id-meta":"","stick-header-meta":"","header-above-stick-meta":"","header-main-stick-meta":"","header-below-stick-meta":""},"product_cat":[66],"product_tag":[],"_links":{"self":[{"href":"https:\/\/unidosdobem.org.br\/bazar\/wp-json\/wp\/v2\/product\/1530"}],"collection":[{"href":"https:\/\/unidosdobem.org.br\/bazar\/wp-json\/wp\/v2\/product"}],"about":[{"href":"https:\/\/unidosdobem.org.br\/bazar\/wp-json\/wp\/v2\/types\/product"}],"replies":[{"embeddable":true,"href":"https:\/\/unidosdobem.org.br\/bazar\/wp-json\/wp\/v2\/comments?post=1530"}],"wp:featuredmedia":[{"embeddable":true,"href":"https:\/\/unidosdobem.org.br\/bazar\/wp-json\/wp\/v2\/media\/1531"}],"wp:attachment":[{"href":"https:\/\/unidosdobem.org.br\/bazar\/wp-json\/wp\/v2\/media?parent=1530"}],"wp:term":[{"taxonomy":"product_cat","embeddable":true,"href":"https:\/\/unidosdobem.org.br\/bazar\/wp-json\/wp\/v2\/product_cat?post=1530"},{"taxonomy":"product_tag","embeddable":true,"href":"https:\/\/unidosdobem.org.br\/bazar\/wp-json\/wp\/v2\/product_tag?post=1530"}],"curies":[{"name":"wp","href":"https:\/\/api.w.org\/{rel}","templated":true}]}}