{"id":1563,"date":"2022-12-09T10:38:59","date_gmt":"2022-12-09T13:38:59","guid":{"rendered":"https:\/\/unidosdobem.org.br\/bazar\/?post_type=product&#038;p=1563"},"modified":"2024-01-03T12:16:32","modified_gmt":"2024-01-03T15:16:32","slug":"e-cpf-a1-computador","status":"publish","type":"product","link":"https:\/\/unidosdobem.org.br\/bazar\/produto\/e-cpf-a1-computador\/","title":{"rendered":"E-CPF A1 Computador"},"content":{"rendered":"","protected":false},"excerpt":{"rendered":"<p>Esse certificado digital e-CPF A1 tem validade de 1 ano.<br \/>\n\u00c9 indicado para identificar uma pessoa f\u00edsica perante a Receita Federal e busca uma solu\u00e7\u00e3o completa para uso do certificado.<\/p>\n<p><strong>Nessa promo\u00e7\u00e3o a emiss\u00e3o do certificado pode ser realizada exclusivamente por videoconfer\u00eancia<\/p>\n<p>Documento necess\u00e1rio<br \/>\nCarteira Nacional de Habilita\u00e7\u00e3o \u2013 CNH;<\/strong><\/p>\n<p><strong>Antes de realizar a compra, consulte nossa agenda. <\/strong><a href=\"https:\/\/wa.me\/551132630855?text=Ol%C3%A1%20PAValid%20meu%20nome%20%C3%A9:%20\" target=\"_blank\" rel=\"noopener\">fale conosco via WhatsApp<\/a><\/p>\n<p><strong>A cada certificado vendido deste modelo a Unidos do Bem recebe R$ 15,00, valor destinado a promover o resgate da dignidade humana e o exerc\u00edcio da cidadania da pessoa em situa\u00e7\u00e3o de vulnerabilidade social por car\u00eancia alimentar.\u00a0<\/strong><\/p>\n","protected":false},"featured_media":1566,"comment_status":"open","ping_status":"closed","template":"","meta":{"site-sidebar-layout":"default","site-content-layout":"default","ast-global-header-display":"","ast-main-header-display":"","ast-hfb-above-header-display":"","ast-hfb-below-header-display":"","ast-hfb-mobile-header-display":"","site-post-title":"","ast-breadcrumbs-content":"","ast-featured-img":"","footer-sml-layout":"","theme-transparent-header-meta":"default","adv-header-id-meta":"","stick-header-meta":"","header-above-stick-meta":"","header-main-stick-meta":"","header-below-stick-meta":""},"product_cat":[72],"product_tag":[],"_links":{"self":[{"href":"https:\/\/unidosdobem.org.br\/bazar\/wp-json\/wp\/v2\/product\/1563"}],"collection":[{"href":"https:\/\/unidosdobem.org.br\/bazar\/wp-json\/wp\/v2\/product"}],"about":[{"href":"https:\/\/unidosdobem.org.br\/bazar\/wp-json\/wp\/v2\/types\/product"}],"replies":[{"embeddable":true,"href":"https:\/\/unidosdobem.org.br\/bazar\/wp-json\/wp\/v2\/comments?post=1563"}],"wp:featuredmedia":[{"embeddable":true,"href":"https:\/\/unidosdobem.org.br\/bazar\/wp-json\/wp\/v2\/media\/1566"}],"wp:attachment":[{"href":"https:\/\/unidosdobem.org.br\/bazar\/wp-json\/wp\/v2\/media?parent=1563"}],"wp:term":[{"taxonomy":"product_cat","embeddable":true,"href":"https:\/\/unidosdobem.org.br\/bazar\/wp-json\/wp\/v2\/product_cat?post=1563"},{"taxonomy":"product_tag","embeddable":true,"href":"https:\/\/unidosdobem.org.br\/bazar\/wp-json\/wp\/v2\/product_tag?post=1563"}],"curies":[{"name":"wp","href":"https:\/\/api.w.org\/{rel}","templated":true}]}}