{"id":1567,"date":"2022-12-09T10:42:45","date_gmt":"2022-12-09T13:42:45","guid":{"rendered":"https:\/\/unidosdobem.org.br\/bazar\/?post_type=product&#038;p=1567"},"modified":"2023-05-16T16:11:27","modified_gmt":"2023-05-16T19:11:27","slug":"e-cnpj-a1-computador","status":"publish","type":"product","link":"https:\/\/unidosdobem.org.br\/bazar\/produto\/e-cnpj-a1-computador\/","title":{"rendered":"E-CNPJ A1 Computador"},"content":{"rendered":"","protected":false},"excerpt":{"rendered":"<p>Esse certificado digital e-CNPJ A1 tem validade de 1 ano.<\/p>\n<p>\u00c9 indicado para identificar uma empresa atrav\u00e9s de seu representante legal perante a Receita Federal e busca uma solu\u00e7\u00e3o completa para uso do certificado.<\/p>\n<p>IMPORTANTE: Esse certificado \u00e9 emitido e armazenado diretamente no computador do titular. \u00c9 ideal para empresas que desejam um certificado que tenha facilidade de uso, menor custo e portabilidade uma vez que, instalado no computador, depende de sua seguran\u00e7a contra uso indevido e c\u00f3pias.<\/p>\n<p>A valida\u00e7\u00e3o do certificado pode ser realizada de 3 formas:<br \/>\n1) videoconfer\u00eancia<br \/>\n2) presencial no nosso escrit\u00f3rio na Bela Vista (pr\u00f3ximo a Av. Paulista)<br \/>\n3) delivery onde o cliente indicar (com taxa adicional)<\/p>\n<p><strong>Antes de realizar a compra <\/strong><a href=\"https:\/\/wa.me\/551132630855?text=Ol%C3%A1%20PAValid%20meu%20nome%20%C3%A9:%20\" target=\"_blank\" rel=\"noopener\">fale conosco via WhatsApp<\/a><\/p>\n<p><strong>A cada certificado vendido deste modelo a Unidos do Bem recebe R$ 35,00, valor destinado a promover o resgate da dignidade humana e o exerc\u00edcio da cidadania da pessoa em situa\u00e7\u00e3o de vulnerabilidade social por car\u00eancia alimentar.\u00a0<\/strong><\/p>\n","protected":false},"featured_media":1566,"comment_status":"open","ping_status":"closed","template":"","meta":{"site-sidebar-layout":"default","site-content-layout":"default","ast-global-header-display":"","ast-main-header-display":"","ast-hfb-above-header-display":"","ast-hfb-below-header-display":"","ast-hfb-mobile-header-display":"","site-post-title":"","ast-breadcrumbs-content":"","ast-featured-img":"","footer-sml-layout":"","theme-transparent-header-meta":"default","adv-header-id-meta":"","stick-header-meta":"","header-above-stick-meta":"","header-main-stick-meta":"","header-below-stick-meta":""},"product_cat":[72],"product_tag":[],"_links":{"self":[{"href":"https:\/\/unidosdobem.org.br\/bazar\/wp-json\/wp\/v2\/product\/1567"}],"collection":[{"href":"https:\/\/unidosdobem.org.br\/bazar\/wp-json\/wp\/v2\/product"}],"about":[{"href":"https:\/\/unidosdobem.org.br\/bazar\/wp-json\/wp\/v2\/types\/product"}],"replies":[{"embeddable":true,"href":"https:\/\/unidosdobem.org.br\/bazar\/wp-json\/wp\/v2\/comments?post=1567"}],"wp:featuredmedia":[{"embeddable":true,"href":"https:\/\/unidosdobem.org.br\/bazar\/wp-json\/wp\/v2\/media\/1566"}],"wp:attachment":[{"href":"https:\/\/unidosdobem.org.br\/bazar\/wp-json\/wp\/v2\/media?parent=1567"}],"wp:term":[{"taxonomy":"product_cat","embeddable":true,"href":"https:\/\/unidosdobem.org.br\/bazar\/wp-json\/wp\/v2\/product_cat?post=1567"},{"taxonomy":"product_tag","embeddable":true,"href":"https:\/\/unidosdobem.org.br\/bazar\/wp-json\/wp\/v2\/product_tag?post=1567"}],"curies":[{"name":"wp","href":"https:\/\/api.w.org\/{rel}","templated":true}]}}