{"id":1570,"date":"2022-12-10T12:48:39","date_gmt":"2022-12-10T15:48:39","guid":{"rendered":"https:\/\/unidosdobem.org.br\/bazar\/?post_type=product&#038;p=1570"},"modified":"2022-12-10T13:06:53","modified_gmt":"2022-12-10T16:06:53","slug":"e-cnpj-a3-sem-midia","status":"publish","type":"product","link":"https:\/\/unidosdobem.org.br\/bazar\/produto\/e-cnpj-a3-sem-midia\/","title":{"rendered":"E-CNPJ A3 &#8211; Sem m\u00eddia"},"content":{"rendered":"","protected":false},"excerpt":{"rendered":"<p>Esse certificado digital e-CNPJ A3 tem validade de 3 anos.<\/p>\n<p>\u00c9 indicado para identificar uma empresa atrav\u00e9s de seu representante legal perante a Receita Federal e busca uma solu\u00e7\u00e3o completa para uso do certificado. <\/p>\n<p>IMPORTANTE: Para esse certificado \u00e9 necess\u00e1rio possuir um cart\u00e3o ou token aderente a legisla\u00e7\u00e3o da ICP-Brasil para armazenamento do Certificado Digital.<\/p>\n<p>A valida\u00e7\u00e3o do certificado pode ser realizada de 3 formas:<br \/>\n1) videoconfer\u00eancia<br \/>\n2) presencial no nosso escrit\u00f3rio na Bela Vista (pr\u00f3ximo a Av. Paulista)<br \/>\n3) delivery onde o cliente indicar (com taxa adicional)<\/p>\n<p><strong>Antes de realizar a compra <\/strong><a href=\"https:\/\/wa.me\/551132630855?text=Ol%C3%A1%20PAValid%20meu%20nome%20%C3%A9:%20\" target=\"_blank\" rel=\"noopener\">fale conosco via WhatsApp<\/a><\/p>\n<p><strong>A cada certificado vendido deste modelo a Unidos do Bem recebe R$ 60,00, valor destinado a promover o resgate da dignidade humana e o exerc\u00edcio da cidadania da pessoa em situa\u00e7\u00e3o de vulnerabilidade social por car\u00eancia alimentar.\u00a0<\/strong><\/p>\n","protected":false},"featured_media":1571,"comment_status":"open","ping_status":"closed","template":"","meta":{"site-sidebar-layout":"default","site-content-layout":"default","ast-global-header-display":"","ast-main-header-display":"","ast-hfb-above-header-display":"","ast-hfb-below-header-display":"","ast-hfb-mobile-header-display":"","site-post-title":"","ast-breadcrumbs-content":"","ast-featured-img":"","footer-sml-layout":"","theme-transparent-header-meta":"default","adv-header-id-meta":"","stick-header-meta":"","header-above-stick-meta":"","header-main-stick-meta":"","header-below-stick-meta":""},"product_cat":[72],"product_tag":[],"_links":{"self":[{"href":"https:\/\/unidosdobem.org.br\/bazar\/wp-json\/wp\/v2\/product\/1570"}],"collection":[{"href":"https:\/\/unidosdobem.org.br\/bazar\/wp-json\/wp\/v2\/product"}],"about":[{"href":"https:\/\/unidosdobem.org.br\/bazar\/wp-json\/wp\/v2\/types\/product"}],"replies":[{"embeddable":true,"href":"https:\/\/unidosdobem.org.br\/bazar\/wp-json\/wp\/v2\/comments?post=1570"}],"wp:featuredmedia":[{"embeddable":true,"href":"https:\/\/unidosdobem.org.br\/bazar\/wp-json\/wp\/v2\/media\/1571"}],"wp:attachment":[{"href":"https:\/\/unidosdobem.org.br\/bazar\/wp-json\/wp\/v2\/media?parent=1570"}],"wp:term":[{"taxonomy":"product_cat","embeddable":true,"href":"https:\/\/unidosdobem.org.br\/bazar\/wp-json\/wp\/v2\/product_cat?post=1570"},{"taxonomy":"product_tag","embeddable":true,"href":"https:\/\/unidosdobem.org.br\/bazar\/wp-json\/wp\/v2\/product_tag?post=1570"}],"curies":[{"name":"wp","href":"https:\/\/api.w.org\/{rel}","templated":true}]}}